{"id":910,"date":"2025-11-05T15:44:28","date_gmt":"2025-11-05T15:44:28","guid":{"rendered":"https:\/\/artisanchocolat.fr\/?post_type=product&#038;p=910"},"modified":"2025-11-05T16:03:04","modified_gmt":"2025-11-05T16:03:04","slug":"tablette-de-chocolat-au-lait","status":"publish","type":"product","link":"https:\/\/artisanchocolat.fr\/index.php\/product\/tablette-de-chocolat-au-lait\/","title":{"rendered":"Tablette de Chocolat au lait"},"content":{"rendered":"<p data-start=\"0\" data-end=\"102\">Une id\u00e9e cadeau \u00e0 la fois gourmande et raffin\u00e9e, impossible \u00e0 refuser.<\/p>\n","protected":false},"excerpt":{"rendered":"<article class=\"text-token-text-primary w-full focus:outline-none [--shadow-height:45px] has-data-writing-block:pointer-events-none has-data-writing-block:-mt-(--shadow-height) has-data-writing-block:pt-(--shadow-height) [&amp;:has([data-writing-block])&gt;*]:pointer-events-auto [content-visibility:auto] supports-[content-visibility:auto]:[contain-intrinsic-size:auto_100lvh] scroll-mt-[calc(var(--header-height)+min(200px,max(70px,20svh)))]\" dir=\"auto\" tabindex=\"-1\" data-turn-id=\"request-WEB:541eeb08-d926-463e-9496-57ec7517ae6a-2\" data-testid=\"conversation-turn-6\" data-scroll-anchor=\"true\" data-turn=\"assistant\">\n<div class=\"text-base my-auto mx-auto pb-10 [--thread-content-margin:--spacing(4)] thread-sm:[--thread-content-margin:--spacing(6)] thread-lg:[--thread-content-margin:--spacing(16)] px-(--thread-content-margin)\">\n<div class=\"[--thread-content-max-width:40rem] thread-lg:[--thread-content-max-width:48rem] mx-auto max-w-(--thread-content-max-width) flex-1 group\/turn-messages focus-visible:outline-hidden relative flex w-full min-w-0 flex-col agent-turn\" tabindex=\"-1\">\n<div class=\"flex max-w-full flex-col grow\">\n<div class=\"min-h-8 text-message relative flex w-full flex-col items-end gap-2 text-start break-words whitespace-normal [.text-message+&amp;]:mt-1\" dir=\"auto\" data-message-author-role=\"assistant\" data-message-id=\"c822ace7-2f53-4903-916b-0262cb08b6bd\" data-message-model-slug=\"gpt-5\">\n<div class=\"flex w-full flex-col gap-1 empty:hidden first:pt-[1px]\">\n<div class=\"markdown prose dark:prose-invert w-full break-words dark markdown-new-styling\">\n<p data-start=\"0\" data-end=\"215\" data-is-last-node=\"\" data-is-only-node=\"\">D\u00e9couvrez une tablette de chocolat au lait premium, \u00e0 la texture fondante et aux ar\u00f4mes subtils. \u00c9l\u00e9gante et raffin\u00e9e, elle offre une exp\u00e9rience gourmande unique, parfaite pour offrir ou simplement se faire plaisir.<\/p>\n<\/div>\n<\/div>\n<\/div>\n<\/div>\n<\/div>\n<\/div>\n<\/article>\n","protected":false},"featured_media":911,"comment_status":"open","ping_status":"closed","template":"","meta":{"_bst_post_transparent":"default","_bst_post_title":"","_bst_post_layout":"default","_bst_post_sidebar_id":"","_bst_post_content_style":"default","_bst_post_vertical_padding":"default","_bst_post_feature":"","_bst_post_feature_position":"","_bst_post_header":false,"_bst_post_footer":false},"product_brand":[],"product_cat":[79],"product_tag":[],"product_brands":[],"class_list":{"0":"post-910","1":"product","2":"type-product","3":"status-publish","4":"has-post-thumbnail","6":"product_cat-tablette-de-chocolat-premium","8":"first","9":"instock","10":"taxable","11":"shipping-taxable","12":"purchasable","13":"product-type-simple","14":"entry","15":"content-bg","16":"loop-entry"},"_links":{"self":[{"href":"https:\/\/artisanchocolat.fr\/index.php\/wp-json\/wp\/v2\/product\/910","targetHints":{"allow":["GET"]}}],"collection":[{"href":"https:\/\/artisanchocolat.fr\/index.php\/wp-json\/wp\/v2\/product"}],"about":[{"href":"https:\/\/artisanchocolat.fr\/index.php\/wp-json\/wp\/v2\/types\/product"}],"replies":[{"embeddable":true,"href":"https:\/\/artisanchocolat.fr\/index.php\/wp-json\/wp\/v2\/comments?post=910"}],"wp:featuredmedia":[{"embeddable":true,"href":"https:\/\/artisanchocolat.fr\/index.php\/wp-json\/wp\/v2\/media\/911"}],"wp:attachment":[{"href":"https:\/\/artisanchocolat.fr\/index.php\/wp-json\/wp\/v2\/media?parent=910"}],"wp:term":[{"taxonomy":"product_brand","embeddable":true,"href":"https:\/\/artisanchocolat.fr\/index.php\/wp-json\/wp\/v2\/product_brand?post=910"},{"taxonomy":"product_cat","embeddable":true,"href":"https:\/\/artisanchocolat.fr\/index.php\/wp-json\/wp\/v2\/product_cat?post=910"},{"taxonomy":"product_tag","embeddable":true,"href":"https:\/\/artisanchocolat.fr\/index.php\/wp-json\/wp\/v2\/product_tag?post=910"},{"taxonomy":"product_brands","embeddable":true,"href":"https:\/\/artisanchocolat.fr\/index.php\/wp-json\/wp\/v2\/product_brands?post=910"}],"curies":[{"name":"wp","href":"https:\/\/api.w.org\/{rel}","templated":true}]}}